{"id":686,"date":"2025-10-12T03:46:26","date_gmt":"2025-10-12T03:46:26","guid":{"rendered":"https:\/\/anoviejokit.com\/?post_type=product&#038;p=686"},"modified":"2025-10-12T03:46:26","modified_gmt":"2025-10-12T03:46:26","slug":"muneco-ano-viejo","status":"publish","type":"product","link":"https:\/\/anoviejokit.com\/index.php\/producto\/muneco-ano-viejo\/","title":{"rendered":"Mu\u00f1eco a\u00f1o viejo"},"content":{"rendered":"<p>\u00bfQu\u00e9 incluye?<\/p>\n<p>-S\u00edmbolo de renovaci\u00f3n: mu\u00f1eco de a\u00f1o viejo de 14 cm x 6 cm.<\/p>\n<p>-S\u00edmbolo de abundancia: arroz, lentejas y trigo.<\/p>\n<p>-Empaque en bolsa de pl\u00e1stico.<\/p>\n","protected":false},"excerpt":{"rendered":"<p>\u00bfQu\u00e9 incluye? -S\u00edmbolo de renovaci\u00f3n: mu\u00f1eco de a\u00f1o viejo de 14 cm x 6 cm. -S\u00edmbolo de abundancia: arroz, lentejas y trigo. -Empaque en bolsa de pl\u00e1stico.<\/p>\n","protected":false},"featured_media":687,"template":"","meta":{"_joinchat":[]},"product_brand":[],"product_cat":[16],"product_tag":[],"class_list":{"0":"post-686","1":"product","2":"type-product","3":"status-publish","4":"has-post-thumbnail","6":"product_cat-sin-categorizar","8":"first","9":"instock","10":"shipping-taxable","11":"purchasable","12":"product-type-simple"},"aioseo_notices":[],"_links":{"self":[{"href":"https:\/\/anoviejokit.com\/index.php\/wp-json\/wp\/v2\/product\/686","targetHints":{"allow":["GET"]}}],"collection":[{"href":"https:\/\/anoviejokit.com\/index.php\/wp-json\/wp\/v2\/product"}],"about":[{"href":"https:\/\/anoviejokit.com\/index.php\/wp-json\/wp\/v2\/types\/product"}],"wp:featuredmedia":[{"embeddable":true,"href":"https:\/\/anoviejokit.com\/index.php\/wp-json\/wp\/v2\/media\/687"}],"wp:attachment":[{"href":"https:\/\/anoviejokit.com\/index.php\/wp-json\/wp\/v2\/media?parent=686"}],"wp:term":[{"taxonomy":"product_brand","embeddable":true,"href":"https:\/\/anoviejokit.com\/index.php\/wp-json\/wp\/v2\/product_brand?post=686"},{"taxonomy":"product_cat","embeddable":true,"href":"https:\/\/anoviejokit.com\/index.php\/wp-json\/wp\/v2\/product_cat?post=686"},{"taxonomy":"product_tag","embeddable":true,"href":"https:\/\/anoviejokit.com\/index.php\/wp-json\/wp\/v2\/product_tag?post=686"}],"curies":[{"name":"wp","href":"https:\/\/api.w.org\/{rel}","templated":true}]}}