{"id":728,"date":"2025-10-15T04:53:11","date_gmt":"2025-10-15T04:53:11","guid":{"rendered":"https:\/\/anoviejokit.com\/?post_type=product&#038;p=728"},"modified":"2025-10-16T02:36:13","modified_gmt":"2025-10-16T02:36:13","slug":"ano-viejo-en-caja-vino","status":"publish","type":"product","link":"https:\/\/anoviejokit.com\/index.php\/producto\/ano-viejo-en-caja-vino\/","title":{"rendered":"A\u00f1o viejo en caja + vino"},"content":{"rendered":"<p>\u00bfQu\u00e9 incluye?<\/p>\n<p>Vino Vientos Sur Cabernet Sauvignon 187ml.<br \/>\nCaja de lujo negra tapa base para regalo.<\/p>\n<p>A\u00f1o viejo en caja:<br \/>\n\u2013 S\u00edmbolo de renovaci\u00f3n: mu\u00f1eco de a\u00f1o viejo de 10 cm x 4,5 cm.<br \/>\n\u2013 S\u00edmbolo de sanaci\u00f3n: f\u00f3sforos y carta para escribir y quemar lo que quieres dejar atr\u00e1s.<br \/>\n\u2013 S\u00edmbolo de protecci\u00f3n y amor: manilla roja.<br \/>\n\u2013 S\u00edmbolo de abundancia: arroz, lentejas y trigo.<br \/>\n\u2013 S\u00edmbolo de paz y armon\u00eda: vela blanca.<br \/>\n\u2013 Instrucciones para vivir la experiencia con significado.<br \/>\n\u2013 Empaque en caja de cart\u00f3n para regalar.<\/p>\n","protected":false},"excerpt":{"rendered":"<p>\u00bfQu\u00e9 incluye? Vino Vientos Sur Cabernet Sauvignon 187ml. Caja de lujo negra tapa base para regalo. A\u00f1o viejo en caja: \u2013 S\u00edmbolo de renovaci\u00f3n: mu\u00f1eco de a\u00f1o viejo de 10 cm x 4,5 cm. \u2013 S\u00edmbolo de sanaci\u00f3n: f\u00f3sforos y carta para escribir y quemar lo que quieres dejar atr\u00e1s. \u2013 S\u00edmbolo de protecci\u00f3n y [&hellip;]<\/p>\n","protected":false},"featured_media":729,"template":"","meta":{"_joinchat":[]},"product_brand":[],"product_cat":[16],"product_tag":[],"class_list":{"0":"post-728","1":"product","2":"type-product","3":"status-publish","4":"has-post-thumbnail","6":"product_cat-sin-categorizar","8":"first","9":"instock","10":"shipping-taxable","11":"purchasable","12":"product-type-simple"},"aioseo_notices":[],"_links":{"self":[{"href":"https:\/\/anoviejokit.com\/index.php\/wp-json\/wp\/v2\/product\/728","targetHints":{"allow":["GET"]}}],"collection":[{"href":"https:\/\/anoviejokit.com\/index.php\/wp-json\/wp\/v2\/product"}],"about":[{"href":"https:\/\/anoviejokit.com\/index.php\/wp-json\/wp\/v2\/types\/product"}],"wp:featuredmedia":[{"embeddable":true,"href":"https:\/\/anoviejokit.com\/index.php\/wp-json\/wp\/v2\/media\/729"}],"wp:attachment":[{"href":"https:\/\/anoviejokit.com\/index.php\/wp-json\/wp\/v2\/media?parent=728"}],"wp:term":[{"taxonomy":"product_brand","embeddable":true,"href":"https:\/\/anoviejokit.com\/index.php\/wp-json\/wp\/v2\/product_brand?post=728"},{"taxonomy":"product_cat","embeddable":true,"href":"https:\/\/anoviejokit.com\/index.php\/wp-json\/wp\/v2\/product_cat?post=728"},{"taxonomy":"product_tag","embeddable":true,"href":"https:\/\/anoviejokit.com\/index.php\/wp-json\/wp\/v2\/product_tag?post=728"}],"curies":[{"name":"wp","href":"https:\/\/api.w.org\/{rel}","templated":true}]}}